{"id":2825,"date":"2024-08-01T12:19:17","date_gmt":"2024-08-01T12:19:17","guid":{"rendered":"https:\/\/www.estiara.it\/?post_type=product&#038;p=2825"},"modified":"2025-01-10T13:33:18","modified_gmt":"2025-01-10T13:33:18","slug":"a-tipico","status":"publish","type":"product","link":"https:\/\/www.estiara.it\/fr\/produit\/a-tipico\/","title":{"rendered":"A-Tipico"},"content":{"rendered":"<p>Une monture aux g\u00e9om\u00e9tries carr\u00e9es, dont les angles vifs et des touches de couleurs vives ajoutent du caract\u00e8re et de la d\u00e9finition.<\/p>","protected":false},"excerpt":{"rendered":"<p>Le mod\u00e8le A-Tipico \u00e9l\u00e8ve une silhouette carr\u00e9e classique avec des verres oversize gr\u00e2ce \u00e0 ses finitions vibrantes en effet Dune.<\/p>","protected":false},"featured_media":3069,"comment_status":"open","ping_status":"closed","template":"","meta":{"_et_pb_use_builder":"","_et_pb_old_content":"","_et_gb_content_width":""},"product_cat":[26,20],"product_tag":[],"yoast_head":"<!-- This site is optimized with the Yoast SEO plugin v23.5 - https:\/\/yoast.com\/wordpress\/plugins\/seo\/ -->\n<title>A-Tipico - Estiara Milano<\/title>\n<meta name=\"robots\" content=\"index, follow, max-snippet:-1, max-image-preview:large, max-video-preview:-1\" \/>\n<link rel=\"canonical\" href=\"https:\/\/www.estiara.it\/fr\/produit\/a-tipico\/\" \/>\n<meta property=\"og:locale\" content=\"fr_FR\" \/>\n<meta property=\"og:type\" content=\"article\" \/>\n<meta property=\"og:title\" content=\"A-Tipico - Estiara Milano\" \/>\n<meta property=\"og:description\" content=\"il modello A-Tipico eleva una classica silhouette squadrata con lenti oversize grazie alle sue vibranti finiture in effetto Dune.\" \/>\n<meta property=\"og:url\" content=\"https:\/\/www.estiara.it\/fr\/produit\/a-tipico\/\" \/>\n<meta property=\"og:site_name\" content=\"Estiara Milano\" \/>\n<meta property=\"article:publisher\" content=\"https:\/\/www.facebook.com\/estiaramilano\/\" \/>\n<meta property=\"article:modified_time\" content=\"2025-01-10T13:33:18+00:00\" \/>\n<meta property=\"og:image\" content=\"https:\/\/www.estiara.it\/wp-content\/uploads\/2024\/08\/0D4A0608-DUNE309.jpg\" \/>\n\t<meta property=\"og:image:width\" content=\"2560\" \/>\n\t<meta property=\"og:image:height\" content=\"1708\" \/>\n\t<meta property=\"og:image:type\" content=\"image\/jpeg\" \/>\n<meta name=\"twitter:card\" content=\"summary_large_image\" \/>\n<meta name=\"twitter:label1\" content=\"Dur\u00e9e de lecture estim\u00e9e\" \/>\n\t<meta name=\"twitter:data1\" content=\"1 minute\" \/>\n<script type=\"application\/ld+json\" class=\"yoast-schema-graph\">{\"@context\":\"https:\/\/schema.org\",\"@graph\":[{\"@type\":\"WebPage\",\"@id\":\"https:\/\/www.estiara.it\/prodotto\/a-tipico\/\",\"url\":\"https:\/\/www.estiara.it\/prodotto\/a-tipico\/\",\"name\":\"A-Tipico - Estiara Milano\",\"isPartOf\":{\"@id\":\"https:\/\/www.estiara.it\/#website\"},\"primaryImageOfPage\":{\"@id\":\"https:\/\/www.estiara.it\/prodotto\/a-tipico\/#primaryimage\"},\"image\":{\"@id\":\"https:\/\/www.estiara.it\/prodotto\/a-tipico\/#primaryimage\"},\"thumbnailUrl\":\"https:\/\/www.estiara.it\/wp-content\/uploads\/2024\/08\/0D4A0608-DUNE309.jpg\",\"datePublished\":\"2024-08-01T12:19:17+00:00\",\"dateModified\":\"2025-01-10T13:33:18+00:00\",\"breadcrumb\":{\"@id\":\"https:\/\/www.estiara.it\/prodotto\/a-tipico\/#breadcrumb\"},\"inLanguage\":\"fr-FR\",\"potentialAction\":[{\"@type\":\"ReadAction\",\"target\":[\"https:\/\/www.estiara.it\/prodotto\/a-tipico\/\"]}]},{\"@type\":\"ImageObject\",\"inLanguage\":\"fr-FR\",\"@id\":\"https:\/\/www.estiara.it\/prodotto\/a-tipico\/#primaryimage\",\"url\":\"https:\/\/www.estiara.it\/wp-content\/uploads\/2024\/08\/0D4A0608-DUNE309.jpg\",\"contentUrl\":\"https:\/\/www.estiara.it\/wp-content\/uploads\/2024\/08\/0D4A0608-DUNE309.jpg\",\"width\":2560,\"height\":1708},{\"@type\":\"BreadcrumbList\",\"@id\":\"https:\/\/www.estiara.it\/prodotto\/a-tipico\/#breadcrumb\",\"itemListElement\":[{\"@type\":\"ListItem\",\"position\":1,\"name\":\"Home\",\"item\":\"https:\/\/www.estiara.it\/\"},{\"@type\":\"ListItem\",\"position\":2,\"name\":\"Tutta la nostra linea di modelli\",\"item\":\"https:\/\/www.estiara.it\/occhiali\/\"},{\"@type\":\"ListItem\",\"position\":3,\"name\":\"A-Tipico\"}]},{\"@type\":\"WebSite\",\"@id\":\"https:\/\/www.estiara.it\/#website\",\"url\":\"https:\/\/www.estiara.it\/\",\"name\":\"Estiara Milano\",\"description\":\"\",\"publisher\":{\"@id\":\"https:\/\/www.estiara.it\/#organization\"},\"potentialAction\":[{\"@type\":\"SearchAction\",\"target\":{\"@type\":\"EntryPoint\",\"urlTemplate\":\"https:\/\/www.estiara.it\/?s={search_term_string}\"},\"query-input\":{\"@type\":\"PropertyValueSpecification\",\"valueRequired\":true,\"valueName\":\"search_term_string\"}}],\"inLanguage\":\"fr-FR\"},{\"@type\":\"Organization\",\"@id\":\"https:\/\/www.estiara.it\/#organization\",\"name\":\"Estiara Milano\",\"url\":\"https:\/\/www.estiara.it\/\",\"logo\":{\"@type\":\"ImageObject\",\"inLanguage\":\"fr-FR\",\"@id\":\"https:\/\/www.estiara.it\/#\/schema\/logo\/image\/\",\"url\":\"https:\/\/www.estiara.it\/wp-content\/uploads\/2023\/08\/estiara-logo-black-header.png\",\"contentUrl\":\"https:\/\/www.estiara.it\/wp-content\/uploads\/2023\/08\/estiara-logo-black-header.png\",\"width\":260,\"height\":97,\"caption\":\"Estiara Milano\"},\"image\":{\"@id\":\"https:\/\/www.estiara.it\/#\/schema\/logo\/image\/\"},\"sameAs\":[\"https:\/\/www.facebook.com\/estiaramilano\/\",\"https:\/\/www.youtube.com\/channel\/UCvpualON8mtjFsb2MT_WaRA\",\"https:\/\/it.linkedin.com\/company\/estiara\/\",\"https:\/\/www.instagram.com\/estiara_milano\/\"]}]}<\/script>\n<!-- \/ Yoast SEO plugin. -->","yoast_head_json":{"title":"A-Tipico - Estiara Milano","robots":{"index":"index","follow":"follow","max-snippet":"max-snippet:-1","max-image-preview":"max-image-preview:large","max-video-preview":"max-video-preview:-1"},"canonical":"https:\/\/www.estiara.it\/fr\/produit\/a-tipico\/","og_locale":"fr_FR","og_type":"article","og_title":"A-Tipico - Estiara Milano","og_description":"il modello A-Tipico eleva una classica silhouette squadrata con lenti oversize grazie alle sue vibranti finiture in effetto Dune.","og_url":"https:\/\/www.estiara.it\/fr\/produit\/a-tipico\/","og_site_name":"Estiara Milano","article_publisher":"https:\/\/www.facebook.com\/estiaramilano\/","article_modified_time":"2025-01-10T13:33:18+00:00","og_image":[{"width":2560,"height":1708,"url":"https:\/\/www.estiara.it\/wp-content\/uploads\/2024\/08\/0D4A0608-DUNE309.jpg","type":"image\/jpeg"}],"twitter_card":"summary_large_image","twitter_misc":{"Dur\u00e9e de lecture estim\u00e9e":"1 minute"},"schema":{"@context":"https:\/\/schema.org","@graph":[{"@type":"WebPage","@id":"https:\/\/www.estiara.it\/prodotto\/a-tipico\/","url":"https:\/\/www.estiara.it\/prodotto\/a-tipico\/","name":"A-Tipico - Estiara Milano","isPartOf":{"@id":"https:\/\/www.estiara.it\/#website"},"primaryImageOfPage":{"@id":"https:\/\/www.estiara.it\/prodotto\/a-tipico\/#primaryimage"},"image":{"@id":"https:\/\/www.estiara.it\/prodotto\/a-tipico\/#primaryimage"},"thumbnailUrl":"https:\/\/www.estiara.it\/wp-content\/uploads\/2024\/08\/0D4A0608-DUNE309.jpg","datePublished":"2024-08-01T12:19:17+00:00","dateModified":"2025-01-10T13:33:18+00:00","breadcrumb":{"@id":"https:\/\/www.estiara.it\/prodotto\/a-tipico\/#breadcrumb"},"inLanguage":"fr-FR","potentialAction":[{"@type":"ReadAction","target":["https:\/\/www.estiara.it\/prodotto\/a-tipico\/"]}]},{"@type":"ImageObject","inLanguage":"fr-FR","@id":"https:\/\/www.estiara.it\/prodotto\/a-tipico\/#primaryimage","url":"https:\/\/www.estiara.it\/wp-content\/uploads\/2024\/08\/0D4A0608-DUNE309.jpg","contentUrl":"https:\/\/www.estiara.it\/wp-content\/uploads\/2024\/08\/0D4A0608-DUNE309.jpg","width":2560,"height":1708},{"@type":"BreadcrumbList","@id":"https:\/\/www.estiara.it\/prodotto\/a-tipico\/#breadcrumb","itemListElement":[{"@type":"ListItem","position":1,"name":"Home","item":"https:\/\/www.estiara.it\/"},{"@type":"ListItem","position":2,"name":"Tutta la nostra linea di modelli","item":"https:\/\/www.estiara.it\/occhiali\/"},{"@type":"ListItem","position":3,"name":"A-Tipico"}]},{"@type":"WebSite","@id":"https:\/\/www.estiara.it\/#website","url":"https:\/\/www.estiara.it\/","name":"Estiara Milano","description":"","publisher":{"@id":"https:\/\/www.estiara.it\/#organization"},"potentialAction":[{"@type":"SearchAction","target":{"@type":"EntryPoint","urlTemplate":"https:\/\/www.estiara.it\/?s={search_term_string}"},"query-input":{"@type":"PropertyValueSpecification","valueRequired":true,"valueName":"search_term_string"}}],"inLanguage":"fr-FR"},{"@type":"Organization","@id":"https:\/\/www.estiara.it\/#organization","name":"Estiara Milano","url":"https:\/\/www.estiara.it\/","logo":{"@type":"ImageObject","inLanguage":"fr-FR","@id":"https:\/\/www.estiara.it\/#\/schema\/logo\/image\/","url":"https:\/\/www.estiara.it\/wp-content\/uploads\/2023\/08\/estiara-logo-black-header.png","contentUrl":"https:\/\/www.estiara.it\/wp-content\/uploads\/2023\/08\/estiara-logo-black-header.png","width":260,"height":97,"caption":"Estiara Milano"},"image":{"@id":"https:\/\/www.estiara.it\/#\/schema\/logo\/image\/"},"sameAs":["https:\/\/www.facebook.com\/estiaramilano\/","https:\/\/www.youtube.com\/channel\/UCvpualON8mtjFsb2MT_WaRA","https:\/\/it.linkedin.com\/company\/estiara\/","https:\/\/www.instagram.com\/estiara_milano\/"]}]}},"_links":{"self":[{"href":"https:\/\/www.estiara.it\/fr\/wp-json\/wp\/v2\/product\/2825"}],"collection":[{"href":"https:\/\/www.estiara.it\/fr\/wp-json\/wp\/v2\/product"}],"about":[{"href":"https:\/\/www.estiara.it\/fr\/wp-json\/wp\/v2\/types\/product"}],"replies":[{"embeddable":true,"href":"https:\/\/www.estiara.it\/fr\/wp-json\/wp\/v2\/comments?post=2825"}],"wp:featuredmedia":[{"embeddable":true,"href":"https:\/\/www.estiara.it\/fr\/wp-json\/wp\/v2\/media\/3069"}],"wp:attachment":[{"href":"https:\/\/www.estiara.it\/fr\/wp-json\/wp\/v2\/media?parent=2825"}],"wp:term":[{"taxonomy":"product_cat","embeddable":true,"href":"https:\/\/www.estiara.it\/fr\/wp-json\/wp\/v2\/product_cat?post=2825"},{"taxonomy":"product_tag","embeddable":true,"href":"https:\/\/www.estiara.it\/fr\/wp-json\/wp\/v2\/product_tag?post=2825"}],"curies":[{"name":"wp","href":"https:\/\/api.w.org\/{rel}","templated":true}]}}