{"id":3171,"date":"2025-05-15T12:39:54","date_gmt":"2025-05-15T12:39:54","guid":{"rendered":"https:\/\/www.estiara.it\/?post_type=product&#038;p=3171"},"modified":"2026-02-13T11:20:30","modified_gmt":"2026-02-13T11:20:30","slug":"mariposa-2","status":"publish","type":"product","link":"https:\/\/www.estiara.it\/fr\/produit\/mariposa-2\/","title":{"rendered":"Mariposa"},"content":{"rendered":"<p>Les branches, sculpt\u00e9es dans une silhouette en sablier, soulignent le mouvement fluide du mod\u00e8le et apportent de l\u2019\u00e9quilibre \u00e0 la structure. Toujours bicolores, elles alternent la richesse mat\u00e9rielle des tons pastel \u00e0 la l\u00e9g\u00e8ret\u00e9 visuelle de la transparence, cr\u00e9ant un effet unique et imm\u00e9diatement reconnaissable.<\/p>\n<p>&nbsp;<\/p>","protected":false},"excerpt":{"rendered":"<p>Ispirato alla delicatezza delle ali di una farfalla, Mariposa \u00e8 un occhiale da donna dal design sinuoso e femminile, che combina morbide curvature e leggerezza visiva. Il frontale, caratterizzato da due scavi laterali, mette in evidenza una raffinata trasparenza sul retro, creando un effetto di profondit\u00e0 e luce.<\/p>","protected":false},"featured_media":3342,"comment_status":"open","ping_status":"closed","template":"","meta":{"_et_pb_use_builder":"","_et_pb_old_content":"","_et_gb_content_width":""},"product_cat":[19],"product_tag":[],"yoast_head":"<!-- This site is optimized with the Yoast SEO plugin v23.5 - https:\/\/yoast.com\/wordpress\/plugins\/seo\/ -->\n<title>Mariposa - Estiara Milano<\/title>\n<meta name=\"robots\" content=\"index, follow, max-snippet:-1, max-image-preview:large, max-video-preview:-1\" \/>\n<link rel=\"canonical\" href=\"https:\/\/www.estiara.it\/fr\/produit\/mariposa-2\/\" \/>\n<meta property=\"og:locale\" content=\"fr_FR\" \/>\n<meta property=\"og:type\" content=\"article\" \/>\n<meta property=\"og:title\" content=\"Mariposa - Estiara Milano\" \/>\n<meta property=\"og:description\" content=\"Ispirato alla delicatezza delle ali di una farfalla, Mariposa \u00e8 un occhiale da donna dal design sinuoso e femminile, che combina morbide curvature e leggerezza visiva. Il frontale, caratterizzato da due scavi laterali, mette in evidenza una raffinata trasparenza sul retro, creando un effetto di profondit\u00e0 e luce.\" \/>\n<meta property=\"og:url\" content=\"https:\/\/www.estiara.it\/fr\/produit\/mariposa-2\/\" \/>\n<meta property=\"og:site_name\" content=\"Estiara Milano\" \/>\n<meta property=\"article:publisher\" content=\"https:\/\/www.facebook.com\/estiaramilano\/\" \/>\n<meta property=\"article:modified_time\" content=\"2026-02-13T11:20:30+00:00\" \/>\n<meta property=\"og:image\" content=\"https:\/\/www.estiara.it\/wp-content\/uploads\/2025\/05\/Mariposa-STR1057.jpg\" \/>\n\t<meta property=\"og:image:width\" content=\"2560\" \/>\n\t<meta property=\"og:image:height\" content=\"1708\" \/>\n\t<meta property=\"og:image:type\" content=\"image\/jpeg\" \/>\n<meta name=\"twitter:card\" content=\"summary_large_image\" \/>\n<meta name=\"twitter:label1\" content=\"Dur\u00e9e de lecture estim\u00e9e\" \/>\n\t<meta name=\"twitter:data1\" content=\"1 minute\" \/>\n<script type=\"application\/ld+json\" class=\"yoast-schema-graph\">{\"@context\":\"https:\/\/schema.org\",\"@graph\":[{\"@type\":\"WebPage\",\"@id\":\"https:\/\/www.estiara.it\/prodotto\/mariposa-2\/\",\"url\":\"https:\/\/www.estiara.it\/prodotto\/mariposa-2\/\",\"name\":\"Mariposa - Estiara Milano\",\"isPartOf\":{\"@id\":\"https:\/\/www.estiara.it\/#website\"},\"primaryImageOfPage\":{\"@id\":\"https:\/\/www.estiara.it\/prodotto\/mariposa-2\/#primaryimage\"},\"image\":{\"@id\":\"https:\/\/www.estiara.it\/prodotto\/mariposa-2\/#primaryimage\"},\"thumbnailUrl\":\"https:\/\/www.estiara.it\/wp-content\/uploads\/2025\/05\/Mariposa-STR1057.jpg\",\"datePublished\":\"2025-05-15T12:39:54+00:00\",\"dateModified\":\"2026-02-13T11:20:30+00:00\",\"breadcrumb\":{\"@id\":\"https:\/\/www.estiara.it\/prodotto\/mariposa-2\/#breadcrumb\"},\"inLanguage\":\"fr-FR\",\"potentialAction\":[{\"@type\":\"ReadAction\",\"target\":[\"https:\/\/www.estiara.it\/prodotto\/mariposa-2\/\"]}]},{\"@type\":\"ImageObject\",\"inLanguage\":\"fr-FR\",\"@id\":\"https:\/\/www.estiara.it\/prodotto\/mariposa-2\/#primaryimage\",\"url\":\"https:\/\/www.estiara.it\/wp-content\/uploads\/2025\/05\/Mariposa-STR1057.jpg\",\"contentUrl\":\"https:\/\/www.estiara.it\/wp-content\/uploads\/2025\/05\/Mariposa-STR1057.jpg\",\"width\":2560,\"height\":1708},{\"@type\":\"BreadcrumbList\",\"@id\":\"https:\/\/www.estiara.it\/prodotto\/mariposa-2\/#breadcrumb\",\"itemListElement\":[{\"@type\":\"ListItem\",\"position\":1,\"name\":\"Home\",\"item\":\"https:\/\/www.estiara.it\/\"},{\"@type\":\"ListItem\",\"position\":2,\"name\":\"Tutta la nostra linea di modelli\",\"item\":\"https:\/\/www.estiara.it\/occhiali\/\"},{\"@type\":\"ListItem\",\"position\":3,\"name\":\"Mariposa\"}]},{\"@type\":\"WebSite\",\"@id\":\"https:\/\/www.estiara.it\/#website\",\"url\":\"https:\/\/www.estiara.it\/\",\"name\":\"Estiara Milano\",\"description\":\"\",\"publisher\":{\"@id\":\"https:\/\/www.estiara.it\/#organization\"},\"potentialAction\":[{\"@type\":\"SearchAction\",\"target\":{\"@type\":\"EntryPoint\",\"urlTemplate\":\"https:\/\/www.estiara.it\/?s={search_term_string}\"},\"query-input\":{\"@type\":\"PropertyValueSpecification\",\"valueRequired\":true,\"valueName\":\"search_term_string\"}}],\"inLanguage\":\"fr-FR\"},{\"@type\":\"Organization\",\"@id\":\"https:\/\/www.estiara.it\/#organization\",\"name\":\"Estiara Milano\",\"url\":\"https:\/\/www.estiara.it\/\",\"logo\":{\"@type\":\"ImageObject\",\"inLanguage\":\"fr-FR\",\"@id\":\"https:\/\/www.estiara.it\/#\/schema\/logo\/image\/\",\"url\":\"https:\/\/www.estiara.it\/wp-content\/uploads\/2023\/08\/estiara-logo-black-header.png\",\"contentUrl\":\"https:\/\/www.estiara.it\/wp-content\/uploads\/2023\/08\/estiara-logo-black-header.png\",\"width\":260,\"height\":97,\"caption\":\"Estiara Milano\"},\"image\":{\"@id\":\"https:\/\/www.estiara.it\/#\/schema\/logo\/image\/\"},\"sameAs\":[\"https:\/\/www.facebook.com\/estiaramilano\/\",\"https:\/\/www.youtube.com\/channel\/UCvpualON8mtjFsb2MT_WaRA\",\"https:\/\/it.linkedin.com\/company\/estiara\/\",\"https:\/\/www.instagram.com\/estiara_milano\/\"]}]}<\/script>\n<!-- \/ Yoast SEO plugin. -->","yoast_head_json":{"title":"Mariposa - Estiara Milano","robots":{"index":"index","follow":"follow","max-snippet":"max-snippet:-1","max-image-preview":"max-image-preview:large","max-video-preview":"max-video-preview:-1"},"canonical":"https:\/\/www.estiara.it\/fr\/produit\/mariposa-2\/","og_locale":"fr_FR","og_type":"article","og_title":"Mariposa - Estiara Milano","og_description":"Ispirato alla delicatezza delle ali di una farfalla, Mariposa \u00e8 un occhiale da donna dal design sinuoso e femminile, che combina morbide curvature e leggerezza visiva. Il frontale, caratterizzato da due scavi laterali, mette in evidenza una raffinata trasparenza sul retro, creando un effetto di profondit\u00e0 e luce.","og_url":"https:\/\/www.estiara.it\/fr\/produit\/mariposa-2\/","og_site_name":"Estiara Milano","article_publisher":"https:\/\/www.facebook.com\/estiaramilano\/","article_modified_time":"2026-02-13T11:20:30+00:00","og_image":[{"width":2560,"height":1708,"url":"https:\/\/www.estiara.it\/wp-content\/uploads\/2025\/05\/Mariposa-STR1057.jpg","type":"image\/jpeg"}],"twitter_card":"summary_large_image","twitter_misc":{"Dur\u00e9e de lecture estim\u00e9e":"1 minute"},"schema":{"@context":"https:\/\/schema.org","@graph":[{"@type":"WebPage","@id":"https:\/\/www.estiara.it\/prodotto\/mariposa-2\/","url":"https:\/\/www.estiara.it\/prodotto\/mariposa-2\/","name":"Mariposa - Estiara Milano","isPartOf":{"@id":"https:\/\/www.estiara.it\/#website"},"primaryImageOfPage":{"@id":"https:\/\/www.estiara.it\/prodotto\/mariposa-2\/#primaryimage"},"image":{"@id":"https:\/\/www.estiara.it\/prodotto\/mariposa-2\/#primaryimage"},"thumbnailUrl":"https:\/\/www.estiara.it\/wp-content\/uploads\/2025\/05\/Mariposa-STR1057.jpg","datePublished":"2025-05-15T12:39:54+00:00","dateModified":"2026-02-13T11:20:30+00:00","breadcrumb":{"@id":"https:\/\/www.estiara.it\/prodotto\/mariposa-2\/#breadcrumb"},"inLanguage":"fr-FR","potentialAction":[{"@type":"ReadAction","target":["https:\/\/www.estiara.it\/prodotto\/mariposa-2\/"]}]},{"@type":"ImageObject","inLanguage":"fr-FR","@id":"https:\/\/www.estiara.it\/prodotto\/mariposa-2\/#primaryimage","url":"https:\/\/www.estiara.it\/wp-content\/uploads\/2025\/05\/Mariposa-STR1057.jpg","contentUrl":"https:\/\/www.estiara.it\/wp-content\/uploads\/2025\/05\/Mariposa-STR1057.jpg","width":2560,"height":1708},{"@type":"BreadcrumbList","@id":"https:\/\/www.estiara.it\/prodotto\/mariposa-2\/#breadcrumb","itemListElement":[{"@type":"ListItem","position":1,"name":"Home","item":"https:\/\/www.estiara.it\/"},{"@type":"ListItem","position":2,"name":"Tutta la nostra linea di modelli","item":"https:\/\/www.estiara.it\/occhiali\/"},{"@type":"ListItem","position":3,"name":"Mariposa"}]},{"@type":"WebSite","@id":"https:\/\/www.estiara.it\/#website","url":"https:\/\/www.estiara.it\/","name":"Estiara Milano","description":"","publisher":{"@id":"https:\/\/www.estiara.it\/#organization"},"potentialAction":[{"@type":"SearchAction","target":{"@type":"EntryPoint","urlTemplate":"https:\/\/www.estiara.it\/?s={search_term_string}"},"query-input":{"@type":"PropertyValueSpecification","valueRequired":true,"valueName":"search_term_string"}}],"inLanguage":"fr-FR"},{"@type":"Organization","@id":"https:\/\/www.estiara.it\/#organization","name":"Estiara Milano","url":"https:\/\/www.estiara.it\/","logo":{"@type":"ImageObject","inLanguage":"fr-FR","@id":"https:\/\/www.estiara.it\/#\/schema\/logo\/image\/","url":"https:\/\/www.estiara.it\/wp-content\/uploads\/2023\/08\/estiara-logo-black-header.png","contentUrl":"https:\/\/www.estiara.it\/wp-content\/uploads\/2023\/08\/estiara-logo-black-header.png","width":260,"height":97,"caption":"Estiara Milano"},"image":{"@id":"https:\/\/www.estiara.it\/#\/schema\/logo\/image\/"},"sameAs":["https:\/\/www.facebook.com\/estiaramilano\/","https:\/\/www.youtube.com\/channel\/UCvpualON8mtjFsb2MT_WaRA","https:\/\/it.linkedin.com\/company\/estiara\/","https:\/\/www.instagram.com\/estiara_milano\/"]}]}},"_links":{"self":[{"href":"https:\/\/www.estiara.it\/fr\/wp-json\/wp\/v2\/product\/3171"}],"collection":[{"href":"https:\/\/www.estiara.it\/fr\/wp-json\/wp\/v2\/product"}],"about":[{"href":"https:\/\/www.estiara.it\/fr\/wp-json\/wp\/v2\/types\/product"}],"replies":[{"embeddable":true,"href":"https:\/\/www.estiara.it\/fr\/wp-json\/wp\/v2\/comments?post=3171"}],"wp:featuredmedia":[{"embeddable":true,"href":"https:\/\/www.estiara.it\/fr\/wp-json\/wp\/v2\/media\/3342"}],"wp:attachment":[{"href":"https:\/\/www.estiara.it\/fr\/wp-json\/wp\/v2\/media?parent=3171"}],"wp:term":[{"taxonomy":"product_cat","embeddable":true,"href":"https:\/\/www.estiara.it\/fr\/wp-json\/wp\/v2\/product_cat?post=3171"},{"taxonomy":"product_tag","embeddable":true,"href":"https:\/\/www.estiara.it\/fr\/wp-json\/wp\/v2\/product_tag?post=3171"}],"curies":[{"name":"wp","href":"https:\/\/api.w.org\/{rel}","templated":true}]}}