{"id":533,"date":"2023-10-18T13:24:36","date_gmt":"2023-10-18T13:24:36","guid":{"rendered":"https:\/\/sweet-shannon.3-73-250-75.plesk.page\/product\/retro-round\/"},"modified":"2024-03-13T18:33:14","modified_gmt":"2024-03-13T18:33:14","slug":"retro-round-str620","status":"publish","type":"product","link":"https:\/\/www.estiara.it\/fr\/produit\/retro-round-str620\/","title":{"rendered":"Retro Round"},"content":{"rendered":"<p>Une \u00e9paisseur importante, des lignes d\u00e9cisives et la luminosit\u00e9 in\u00e9gal\u00e9e du mat\u00e9riau sont des \u00e9l\u00e9ments qui racontent le style audacieux du mod\u00e8le Retro Round.<\/p>","protected":false},"excerpt":{"rendered":"<p>Il modello unisex Retro Round enfatizza linee perfettamente curve della forma tonda per eccellenza, spezzate per\u00f2 nella parte cigliare da minuziose geometrie in micromosaico, in colori abbinati alla parte inferiore in effetto opalino.<\/p>","protected":false},"featured_media":2670,"comment_status":"open","ping_status":"closed","template":"","meta":{"_et_pb_use_builder":"","_et_pb_old_content":"","_et_gb_content_width":""},"product_cat":[26,20],"product_tag":[],"yoast_head":"<!-- This site is optimized with the Yoast SEO plugin v23.5 - https:\/\/yoast.com\/wordpress\/plugins\/seo\/ -->\n<title>Retro Round - Estiara Milano<\/title>\n<meta name=\"robots\" content=\"index, follow, max-snippet:-1, max-image-preview:large, max-video-preview:-1\" \/>\n<link rel=\"canonical\" href=\"https:\/\/www.estiara.it\/fr\/produit\/retro-round-str620\/\" \/>\n<meta property=\"og:locale\" content=\"fr_FR\" \/>\n<meta property=\"og:type\" content=\"article\" \/>\n<meta property=\"og:title\" content=\"Retro Round - Estiara Milano\" \/>\n<meta property=\"og:description\" content=\"Il modello unisex Retro Round enfatizza linee perfettamente curve della forma tonda per eccellenza, spezzate per\u00f2 nella parte cigliare da minuziose geometrie in micromosaico, in colori abbinati alla parte inferiore in effetto opalino.\" \/>\n<meta property=\"og:url\" content=\"https:\/\/www.estiara.it\/fr\/produit\/retro-round-str620\/\" \/>\n<meta property=\"og:site_name\" content=\"Estiara Milano\" \/>\n<meta property=\"article:publisher\" content=\"https:\/\/www.facebook.com\/estiaramilano\/\" \/>\n<meta property=\"article:modified_time\" content=\"2024-03-13T18:33:14+00:00\" \/>\n<meta property=\"og:image\" content=\"https:\/\/www.estiara.it\/wp-content\/uploads\/2024\/03\/RETRO-ROUND-STR620-aperto.jpg\" \/>\n\t<meta property=\"og:image:width\" content=\"2560\" \/>\n\t<meta property=\"og:image:height\" content=\"1708\" \/>\n\t<meta property=\"og:image:type\" content=\"image\/jpeg\" \/>\n<meta name=\"twitter:card\" content=\"summary_large_image\" \/>\n<meta name=\"twitter:label1\" content=\"Dur\u00e9e de lecture estim\u00e9e\" \/>\n\t<meta name=\"twitter:data1\" content=\"1 minute\" \/>\n<script type=\"application\/ld+json\" class=\"yoast-schema-graph\">{\"@context\":\"https:\/\/schema.org\",\"@graph\":[{\"@type\":\"WebPage\",\"@id\":\"https:\/\/www.estiara.it\/prodotto\/retro-round-str620\/\",\"url\":\"https:\/\/www.estiara.it\/prodotto\/retro-round-str620\/\",\"name\":\"Retro Round - Estiara Milano\",\"isPartOf\":{\"@id\":\"https:\/\/www.estiara.it\/#website\"},\"primaryImageOfPage\":{\"@id\":\"https:\/\/www.estiara.it\/prodotto\/retro-round-str620\/#primaryimage\"},\"image\":{\"@id\":\"https:\/\/www.estiara.it\/prodotto\/retro-round-str620\/#primaryimage\"},\"thumbnailUrl\":\"https:\/\/www.estiara.it\/wp-content\/uploads\/2024\/03\/RETRO-ROUND-STR620-aperto.jpg\",\"datePublished\":\"2023-10-18T13:24:36+00:00\",\"dateModified\":\"2024-03-13T18:33:14+00:00\",\"breadcrumb\":{\"@id\":\"https:\/\/www.estiara.it\/prodotto\/retro-round-str620\/#breadcrumb\"},\"inLanguage\":\"fr-FR\",\"potentialAction\":[{\"@type\":\"ReadAction\",\"target\":[\"https:\/\/www.estiara.it\/prodotto\/retro-round-str620\/\"]}]},{\"@type\":\"ImageObject\",\"inLanguage\":\"fr-FR\",\"@id\":\"https:\/\/www.estiara.it\/prodotto\/retro-round-str620\/#primaryimage\",\"url\":\"https:\/\/www.estiara.it\/wp-content\/uploads\/2024\/03\/RETRO-ROUND-STR620-aperto.jpg\",\"contentUrl\":\"https:\/\/www.estiara.it\/wp-content\/uploads\/2024\/03\/RETRO-ROUND-STR620-aperto.jpg\",\"width\":2560,\"height\":1708},{\"@type\":\"BreadcrumbList\",\"@id\":\"https:\/\/www.estiara.it\/prodotto\/retro-round-str620\/#breadcrumb\",\"itemListElement\":[{\"@type\":\"ListItem\",\"position\":1,\"name\":\"Home\",\"item\":\"https:\/\/www.estiara.it\/\"},{\"@type\":\"ListItem\",\"position\":2,\"name\":\"Tutta la nostra linea di modelli\",\"item\":\"https:\/\/www.estiara.it\/occhiali\/\"},{\"@type\":\"ListItem\",\"position\":3,\"name\":\"Retro Round\"}]},{\"@type\":\"WebSite\",\"@id\":\"https:\/\/www.estiara.it\/#website\",\"url\":\"https:\/\/www.estiara.it\/\",\"name\":\"Estiara Milano\",\"description\":\"\",\"publisher\":{\"@id\":\"https:\/\/www.estiara.it\/#organization\"},\"potentialAction\":[{\"@type\":\"SearchAction\",\"target\":{\"@type\":\"EntryPoint\",\"urlTemplate\":\"https:\/\/www.estiara.it\/?s={search_term_string}\"},\"query-input\":{\"@type\":\"PropertyValueSpecification\",\"valueRequired\":true,\"valueName\":\"search_term_string\"}}],\"inLanguage\":\"fr-FR\"},{\"@type\":\"Organization\",\"@id\":\"https:\/\/www.estiara.it\/#organization\",\"name\":\"Estiara Milano\",\"url\":\"https:\/\/www.estiara.it\/\",\"logo\":{\"@type\":\"ImageObject\",\"inLanguage\":\"fr-FR\",\"@id\":\"https:\/\/www.estiara.it\/#\/schema\/logo\/image\/\",\"url\":\"https:\/\/www.estiara.it\/wp-content\/uploads\/2023\/08\/estiara-logo-black-header.png\",\"contentUrl\":\"https:\/\/www.estiara.it\/wp-content\/uploads\/2023\/08\/estiara-logo-black-header.png\",\"width\":260,\"height\":97,\"caption\":\"Estiara Milano\"},\"image\":{\"@id\":\"https:\/\/www.estiara.it\/#\/schema\/logo\/image\/\"},\"sameAs\":[\"https:\/\/www.facebook.com\/estiaramilano\/\",\"https:\/\/www.youtube.com\/channel\/UCvpualON8mtjFsb2MT_WaRA\",\"https:\/\/it.linkedin.com\/company\/estiara\/\",\"https:\/\/www.instagram.com\/estiara_milano\/\"]}]}<\/script>\n<!-- \/ Yoast SEO plugin. -->","yoast_head_json":{"title":"Retro Round - Estiara Milano","robots":{"index":"index","follow":"follow","max-snippet":"max-snippet:-1","max-image-preview":"max-image-preview:large","max-video-preview":"max-video-preview:-1"},"canonical":"https:\/\/www.estiara.it\/fr\/produit\/retro-round-str620\/","og_locale":"fr_FR","og_type":"article","og_title":"Retro Round - Estiara Milano","og_description":"Il modello unisex Retro Round enfatizza linee perfettamente curve della forma tonda per eccellenza, spezzate per\u00f2 nella parte cigliare da minuziose geometrie in micromosaico, in colori abbinati alla parte inferiore in effetto opalino.","og_url":"https:\/\/www.estiara.it\/fr\/produit\/retro-round-str620\/","og_site_name":"Estiara Milano","article_publisher":"https:\/\/www.facebook.com\/estiaramilano\/","article_modified_time":"2024-03-13T18:33:14+00:00","og_image":[{"width":2560,"height":1708,"url":"https:\/\/www.estiara.it\/wp-content\/uploads\/2024\/03\/RETRO-ROUND-STR620-aperto.jpg","type":"image\/jpeg"}],"twitter_card":"summary_large_image","twitter_misc":{"Dur\u00e9e de lecture estim\u00e9e":"1 minute"},"schema":{"@context":"https:\/\/schema.org","@graph":[{"@type":"WebPage","@id":"https:\/\/www.estiara.it\/prodotto\/retro-round-str620\/","url":"https:\/\/www.estiara.it\/prodotto\/retro-round-str620\/","name":"Retro Round - Estiara Milano","isPartOf":{"@id":"https:\/\/www.estiara.it\/#website"},"primaryImageOfPage":{"@id":"https:\/\/www.estiara.it\/prodotto\/retro-round-str620\/#primaryimage"},"image":{"@id":"https:\/\/www.estiara.it\/prodotto\/retro-round-str620\/#primaryimage"},"thumbnailUrl":"https:\/\/www.estiara.it\/wp-content\/uploads\/2024\/03\/RETRO-ROUND-STR620-aperto.jpg","datePublished":"2023-10-18T13:24:36+00:00","dateModified":"2024-03-13T18:33:14+00:00","breadcrumb":{"@id":"https:\/\/www.estiara.it\/prodotto\/retro-round-str620\/#breadcrumb"},"inLanguage":"fr-FR","potentialAction":[{"@type":"ReadAction","target":["https:\/\/www.estiara.it\/prodotto\/retro-round-str620\/"]}]},{"@type":"ImageObject","inLanguage":"fr-FR","@id":"https:\/\/www.estiara.it\/prodotto\/retro-round-str620\/#primaryimage","url":"https:\/\/www.estiara.it\/wp-content\/uploads\/2024\/03\/RETRO-ROUND-STR620-aperto.jpg","contentUrl":"https:\/\/www.estiara.it\/wp-content\/uploads\/2024\/03\/RETRO-ROUND-STR620-aperto.jpg","width":2560,"height":1708},{"@type":"BreadcrumbList","@id":"https:\/\/www.estiara.it\/prodotto\/retro-round-str620\/#breadcrumb","itemListElement":[{"@type":"ListItem","position":1,"name":"Home","item":"https:\/\/www.estiara.it\/"},{"@type":"ListItem","position":2,"name":"Tutta la nostra linea di modelli","item":"https:\/\/www.estiara.it\/occhiali\/"},{"@type":"ListItem","position":3,"name":"Retro Round"}]},{"@type":"WebSite","@id":"https:\/\/www.estiara.it\/#website","url":"https:\/\/www.estiara.it\/","name":"Estiara Milano","description":"","publisher":{"@id":"https:\/\/www.estiara.it\/#organization"},"potentialAction":[{"@type":"SearchAction","target":{"@type":"EntryPoint","urlTemplate":"https:\/\/www.estiara.it\/?s={search_term_string}"},"query-input":{"@type":"PropertyValueSpecification","valueRequired":true,"valueName":"search_term_string"}}],"inLanguage":"fr-FR"},{"@type":"Organization","@id":"https:\/\/www.estiara.it\/#organization","name":"Estiara Milano","url":"https:\/\/www.estiara.it\/","logo":{"@type":"ImageObject","inLanguage":"fr-FR","@id":"https:\/\/www.estiara.it\/#\/schema\/logo\/image\/","url":"https:\/\/www.estiara.it\/wp-content\/uploads\/2023\/08\/estiara-logo-black-header.png","contentUrl":"https:\/\/www.estiara.it\/wp-content\/uploads\/2023\/08\/estiara-logo-black-header.png","width":260,"height":97,"caption":"Estiara Milano"},"image":{"@id":"https:\/\/www.estiara.it\/#\/schema\/logo\/image\/"},"sameAs":["https:\/\/www.facebook.com\/estiaramilano\/","https:\/\/www.youtube.com\/channel\/UCvpualON8mtjFsb2MT_WaRA","https:\/\/it.linkedin.com\/company\/estiara\/","https:\/\/www.instagram.com\/estiara_milano\/"]}]}},"_links":{"self":[{"href":"https:\/\/www.estiara.it\/fr\/wp-json\/wp\/v2\/product\/533"}],"collection":[{"href":"https:\/\/www.estiara.it\/fr\/wp-json\/wp\/v2\/product"}],"about":[{"href":"https:\/\/www.estiara.it\/fr\/wp-json\/wp\/v2\/types\/product"}],"replies":[{"embeddable":true,"href":"https:\/\/www.estiara.it\/fr\/wp-json\/wp\/v2\/comments?post=533"}],"wp:featuredmedia":[{"embeddable":true,"href":"https:\/\/www.estiara.it\/fr\/wp-json\/wp\/v2\/media\/2670"}],"wp:attachment":[{"href":"https:\/\/www.estiara.it\/fr\/wp-json\/wp\/v2\/media?parent=533"}],"wp:term":[{"taxonomy":"product_cat","embeddable":true,"href":"https:\/\/www.estiara.it\/fr\/wp-json\/wp\/v2\/product_cat?post=533"},{"taxonomy":"product_tag","embeddable":true,"href":"https:\/\/www.estiara.it\/fr\/wp-json\/wp\/v2\/product_tag?post=533"}],"curies":[{"name":"wp","href":"https:\/\/api.w.org\/{rel}","templated":true}]}}