{"id":620,"date":"2023-10-18T13:24:48","date_gmt":"2023-10-18T13:24:48","guid":{"rendered":"https:\/\/sweet-shannon.3-73-250-75.plesk.page\/product\/hera-10\/"},"modified":"2024-02-28T10:11:11","modified_gmt":"2024-02-28T10:11:11","slug":"hera-str790","status":"publish","type":"product","link":"https:\/\/www.estiara.it\/fr\/produit\/hera-str790\/","title":{"rendered":"Hera"},"content":{"rendered":"<p>Ogni modello della Capsule Collection di Estiara \u00e8 numerato e il numero attribuito viene indicato sull&#8217;asta e sul certificato di unicit\u00e0 che lo accompagna.<\/p>","protected":false},"excerpt":{"rendered":"<p>Monture r\u00e9alis\u00e9 \u00e0 partir d'une plaque de 10 mm d'\u00e9paisseur obtenue \u00e0 partir de la superposition de trois effets, et creus\u00e9s pendant le processus de production pour pouvoir montrer chaque \u00e9l\u00e9ment li\u00e9 \u00e0 la couleur.  <\/p>\n<p>Una forte componente estetica racchiusa in un progetto di design. Il risultato ottenuto grazie ad una costante ricerca nella sperimentazione nell&#8217;uso di nuove tecniche di<br \/>\nproduzione.<\/p>","protected":false},"featured_media":2334,"comment_status":"open","ping_status":"closed","template":"","meta":{"_et_pb_use_builder":"","_et_pb_old_content":"","_et_gb_content_width":""},"product_cat":[19],"product_tag":[],"yoast_head":"<!-- This site is optimized with the Yoast SEO plugin v23.5 - https:\/\/yoast.com\/wordpress\/plugins\/seo\/ -->\n<title>Hera - Estiara Milano<\/title>\n<meta name=\"robots\" content=\"index, follow, max-snippet:-1, max-image-preview:large, max-video-preview:-1\" \/>\n<link rel=\"canonical\" href=\"https:\/\/www.estiara.it\/fr\/produit\/hera-str790\/\" \/>\n<meta property=\"og:locale\" content=\"fr_FR\" \/>\n<meta property=\"og:type\" content=\"article\" \/>\n<meta property=\"og:title\" content=\"Hera - Estiara Milano\" \/>\n<meta property=\"og:description\" content=\"Montatura ricavata da una lastra di spessore 10mm ottenuta dalla sovrapposizione di tre effetti e scavata durante il processo di produzione per poter mostrare ogni elemento legato al colore.   Una forte componente estetica racchiusa in un progetto di design. Il risultato ottenuto grazie ad una costante ricerca nella sperimentazione nell&#039;uso di nuove tecniche di  produzione.\" \/>\n<meta property=\"og:url\" content=\"https:\/\/www.estiara.it\/fr\/produit\/hera-str790\/\" \/>\n<meta property=\"og:site_name\" content=\"Estiara Milano\" \/>\n<meta property=\"article:publisher\" content=\"https:\/\/www.facebook.com\/estiaramilano\/\" \/>\n<meta property=\"article:modified_time\" content=\"2024-02-28T10:11:11+00:00\" \/>\n<meta property=\"og:image\" content=\"https:\/\/www.estiara.it\/wp-content\/uploads\/2023\/10\/HERA-STR790.jpg\" \/>\n\t<meta property=\"og:image:width\" content=\"2560\" \/>\n\t<meta property=\"og:image:height\" content=\"1708\" \/>\n\t<meta property=\"og:image:type\" content=\"image\/jpeg\" \/>\n<meta name=\"twitter:card\" content=\"summary_large_image\" \/>\n<meta name=\"twitter:label1\" content=\"Dur\u00e9e de lecture estim\u00e9e\" \/>\n\t<meta name=\"twitter:data1\" content=\"1 minute\" \/>\n<script type=\"application\/ld+json\" class=\"yoast-schema-graph\">{\"@context\":\"https:\/\/schema.org\",\"@graph\":[{\"@type\":\"WebPage\",\"@id\":\"https:\/\/www.estiara.it\/prodotto\/hera-str790\/\",\"url\":\"https:\/\/www.estiara.it\/prodotto\/hera-str790\/\",\"name\":\"Hera - Estiara Milano\",\"isPartOf\":{\"@id\":\"https:\/\/www.estiara.it\/#website\"},\"primaryImageOfPage\":{\"@id\":\"https:\/\/www.estiara.it\/prodotto\/hera-str790\/#primaryimage\"},\"image\":{\"@id\":\"https:\/\/www.estiara.it\/prodotto\/hera-str790\/#primaryimage\"},\"thumbnailUrl\":\"https:\/\/www.estiara.it\/wp-content\/uploads\/2023\/10\/HERA-STR790.jpg\",\"datePublished\":\"2023-10-18T13:24:48+00:00\",\"dateModified\":\"2024-02-28T10:11:11+00:00\",\"breadcrumb\":{\"@id\":\"https:\/\/www.estiara.it\/prodotto\/hera-str790\/#breadcrumb\"},\"inLanguage\":\"fr-FR\",\"potentialAction\":[{\"@type\":\"ReadAction\",\"target\":[\"https:\/\/www.estiara.it\/prodotto\/hera-str790\/\"]}]},{\"@type\":\"ImageObject\",\"inLanguage\":\"fr-FR\",\"@id\":\"https:\/\/www.estiara.it\/prodotto\/hera-str790\/#primaryimage\",\"url\":\"https:\/\/www.estiara.it\/wp-content\/uploads\/2023\/10\/HERA-STR790.jpg\",\"contentUrl\":\"https:\/\/www.estiara.it\/wp-content\/uploads\/2023\/10\/HERA-STR790.jpg\",\"width\":2560,\"height\":1708},{\"@type\":\"BreadcrumbList\",\"@id\":\"https:\/\/www.estiara.it\/prodotto\/hera-str790\/#breadcrumb\",\"itemListElement\":[{\"@type\":\"ListItem\",\"position\":1,\"name\":\"Home\",\"item\":\"https:\/\/www.estiara.it\/\"},{\"@type\":\"ListItem\",\"position\":2,\"name\":\"Tutta la nostra linea di modelli\",\"item\":\"https:\/\/www.estiara.it\/occhiali\/\"},{\"@type\":\"ListItem\",\"position\":3,\"name\":\"Hera\"}]},{\"@type\":\"WebSite\",\"@id\":\"https:\/\/www.estiara.it\/#website\",\"url\":\"https:\/\/www.estiara.it\/\",\"name\":\"Estiara Milano\",\"description\":\"\",\"publisher\":{\"@id\":\"https:\/\/www.estiara.it\/#organization\"},\"potentialAction\":[{\"@type\":\"SearchAction\",\"target\":{\"@type\":\"EntryPoint\",\"urlTemplate\":\"https:\/\/www.estiara.it\/?s={search_term_string}\"},\"query-input\":{\"@type\":\"PropertyValueSpecification\",\"valueRequired\":true,\"valueName\":\"search_term_string\"}}],\"inLanguage\":\"fr-FR\"},{\"@type\":\"Organization\",\"@id\":\"https:\/\/www.estiara.it\/#organization\",\"name\":\"Estiara Milano\",\"url\":\"https:\/\/www.estiara.it\/\",\"logo\":{\"@type\":\"ImageObject\",\"inLanguage\":\"fr-FR\",\"@id\":\"https:\/\/www.estiara.it\/#\/schema\/logo\/image\/\",\"url\":\"https:\/\/www.estiara.it\/wp-content\/uploads\/2023\/08\/estiara-logo-black-header.png\",\"contentUrl\":\"https:\/\/www.estiara.it\/wp-content\/uploads\/2023\/08\/estiara-logo-black-header.png\",\"width\":260,\"height\":97,\"caption\":\"Estiara Milano\"},\"image\":{\"@id\":\"https:\/\/www.estiara.it\/#\/schema\/logo\/image\/\"},\"sameAs\":[\"https:\/\/www.facebook.com\/estiaramilano\/\",\"https:\/\/www.youtube.com\/channel\/UCvpualON8mtjFsb2MT_WaRA\",\"https:\/\/it.linkedin.com\/company\/estiara\/\",\"https:\/\/www.instagram.com\/estiara_milano\/\"]}]}<\/script>\n<!-- \/ Yoast SEO plugin. -->","yoast_head_json":{"title":"Hera - Estiara Milano","robots":{"index":"index","follow":"follow","max-snippet":"max-snippet:-1","max-image-preview":"max-image-preview:large","max-video-preview":"max-video-preview:-1"},"canonical":"https:\/\/www.estiara.it\/fr\/produit\/hera-str790\/","og_locale":"fr_FR","og_type":"article","og_title":"Hera - Estiara Milano","og_description":"Montatura ricavata da una lastra di spessore 10mm ottenuta dalla sovrapposizione di tre effetti e scavata durante il processo di produzione per poter mostrare ogni elemento legato al colore.   Una forte componente estetica racchiusa in un progetto di design. Il risultato ottenuto grazie ad una costante ricerca nella sperimentazione nell'uso di nuove tecniche di  produzione.","og_url":"https:\/\/www.estiara.it\/fr\/produit\/hera-str790\/","og_site_name":"Estiara Milano","article_publisher":"https:\/\/www.facebook.com\/estiaramilano\/","article_modified_time":"2024-02-28T10:11:11+00:00","og_image":[{"width":2560,"height":1708,"url":"https:\/\/www.estiara.it\/wp-content\/uploads\/2023\/10\/HERA-STR790.jpg","type":"image\/jpeg"}],"twitter_card":"summary_large_image","twitter_misc":{"Dur\u00e9e de lecture estim\u00e9e":"1 minute"},"schema":{"@context":"https:\/\/schema.org","@graph":[{"@type":"WebPage","@id":"https:\/\/www.estiara.it\/prodotto\/hera-str790\/","url":"https:\/\/www.estiara.it\/prodotto\/hera-str790\/","name":"Hera - Estiara Milano","isPartOf":{"@id":"https:\/\/www.estiara.it\/#website"},"primaryImageOfPage":{"@id":"https:\/\/www.estiara.it\/prodotto\/hera-str790\/#primaryimage"},"image":{"@id":"https:\/\/www.estiara.it\/prodotto\/hera-str790\/#primaryimage"},"thumbnailUrl":"https:\/\/www.estiara.it\/wp-content\/uploads\/2023\/10\/HERA-STR790.jpg","datePublished":"2023-10-18T13:24:48+00:00","dateModified":"2024-02-28T10:11:11+00:00","breadcrumb":{"@id":"https:\/\/www.estiara.it\/prodotto\/hera-str790\/#breadcrumb"},"inLanguage":"fr-FR","potentialAction":[{"@type":"ReadAction","target":["https:\/\/www.estiara.it\/prodotto\/hera-str790\/"]}]},{"@type":"ImageObject","inLanguage":"fr-FR","@id":"https:\/\/www.estiara.it\/prodotto\/hera-str790\/#primaryimage","url":"https:\/\/www.estiara.it\/wp-content\/uploads\/2023\/10\/HERA-STR790.jpg","contentUrl":"https:\/\/www.estiara.it\/wp-content\/uploads\/2023\/10\/HERA-STR790.jpg","width":2560,"height":1708},{"@type":"BreadcrumbList","@id":"https:\/\/www.estiara.it\/prodotto\/hera-str790\/#breadcrumb","itemListElement":[{"@type":"ListItem","position":1,"name":"Home","item":"https:\/\/www.estiara.it\/"},{"@type":"ListItem","position":2,"name":"Tutta la nostra linea di modelli","item":"https:\/\/www.estiara.it\/occhiali\/"},{"@type":"ListItem","position":3,"name":"Hera"}]},{"@type":"WebSite","@id":"https:\/\/www.estiara.it\/#website","url":"https:\/\/www.estiara.it\/","name":"Estiara Milano","description":"","publisher":{"@id":"https:\/\/www.estiara.it\/#organization"},"potentialAction":[{"@type":"SearchAction","target":{"@type":"EntryPoint","urlTemplate":"https:\/\/www.estiara.it\/?s={search_term_string}"},"query-input":{"@type":"PropertyValueSpecification","valueRequired":true,"valueName":"search_term_string"}}],"inLanguage":"fr-FR"},{"@type":"Organization","@id":"https:\/\/www.estiara.it\/#organization","name":"Estiara Milano","url":"https:\/\/www.estiara.it\/","logo":{"@type":"ImageObject","inLanguage":"fr-FR","@id":"https:\/\/www.estiara.it\/#\/schema\/logo\/image\/","url":"https:\/\/www.estiara.it\/wp-content\/uploads\/2023\/08\/estiara-logo-black-header.png","contentUrl":"https:\/\/www.estiara.it\/wp-content\/uploads\/2023\/08\/estiara-logo-black-header.png","width":260,"height":97,"caption":"Estiara Milano"},"image":{"@id":"https:\/\/www.estiara.it\/#\/schema\/logo\/image\/"},"sameAs":["https:\/\/www.facebook.com\/estiaramilano\/","https:\/\/www.youtube.com\/channel\/UCvpualON8mtjFsb2MT_WaRA","https:\/\/it.linkedin.com\/company\/estiara\/","https:\/\/www.instagram.com\/estiara_milano\/"]}]}},"_links":{"self":[{"href":"https:\/\/www.estiara.it\/fr\/wp-json\/wp\/v2\/product\/620"}],"collection":[{"href":"https:\/\/www.estiara.it\/fr\/wp-json\/wp\/v2\/product"}],"about":[{"href":"https:\/\/www.estiara.it\/fr\/wp-json\/wp\/v2\/types\/product"}],"replies":[{"embeddable":true,"href":"https:\/\/www.estiara.it\/fr\/wp-json\/wp\/v2\/comments?post=620"}],"wp:featuredmedia":[{"embeddable":true,"href":"https:\/\/www.estiara.it\/fr\/wp-json\/wp\/v2\/media\/2334"}],"wp:attachment":[{"href":"https:\/\/www.estiara.it\/fr\/wp-json\/wp\/v2\/media?parent=620"}],"wp:term":[{"taxonomy":"product_cat","embeddable":true,"href":"https:\/\/www.estiara.it\/fr\/wp-json\/wp\/v2\/product_cat?post=620"},{"taxonomy":"product_tag","embeddable":true,"href":"https:\/\/www.estiara.it\/fr\/wp-json\/wp\/v2\/product_tag?post=620"}],"curies":[{"name":"wp","href":"https:\/\/api.w.org\/{rel}","templated":true}]}}